{"id":1290,"date":"2025-04-09T18:31:31","date_gmt":"2025-04-09T16:31:31","guid":{"rendered":"https:\/\/www.hoptis.com\/?page_id=1290"},"modified":"2025-04-09T19:20:10","modified_gmt":"2025-04-09T17:20:10","slug":"demande-compte-dapi","status":"publish","type":"page","link":"https:\/\/www.hoptis.com\/index.php\/demande-compte-dapi\/","title":{"rendered":"Demande de cr\u00e9ation ou modification de compte d&rsquo;API"},"content":{"rendered":"\n<div class=\"wp-block-contact-form-7-contact-form-selector\">\n<div class=\"wpcf7 no-js\" id=\"wpcf7-f1289-o1\" lang=\"fr-FR\" dir=\"ltr\" data-wpcf7-id=\"1289\">\n<div class=\"screen-reader-response\"><p role=\"status\" aria-live=\"polite\" aria-atomic=\"true\"><\/p> <ul><\/ul><\/div>\n<form action=\"\/index.php\/wp-json\/wp\/v2\/pages\/1290#wpcf7-f1289-o1\" method=\"post\" class=\"wpcf7-form init\" aria-label=\"Formulaire de contact\" novalidate=\"novalidate\" data-status=\"init\">\n<fieldset class=\"hidden-fields-container\"><input type=\"hidden\" name=\"_wpcf7\" value=\"1289\" \/><input type=\"hidden\" name=\"_wpcf7_version\" value=\"6.1.6\" \/><input type=\"hidden\" name=\"_wpcf7_locale\" value=\"fr_FR\" \/><input type=\"hidden\" name=\"_wpcf7_unit_tag\" value=\"wpcf7-f1289-o1\" \/><input type=\"hidden\" name=\"_wpcf7_container_post\" value=\"0\" \/><input type=\"hidden\" name=\"_wpcf7_posted_data_hash\" value=\"\" \/>\n<\/fieldset>\n<div class=\"wpcf7-turnstile cf-turnstile\" data-sitekey=\"0x4AAAAAACNZTmE4X3FpdPtf\" data-response-field-name=\"_wpcf7_turnstile_response\"><\/div>\n<p><label> Client final*<br \/>\n<span class=\"wpcf7-form-control-wrap\" data-name=\"client\"><input size=\"40\" maxlength=\"400\" class=\"wpcf7-form-control wpcf7-text wpcf7-validates-as-required\" aria-required=\"true\" aria-invalid=\"false\" value=\"\" type=\"text\" name=\"client\" \/><\/span> <\/label>\n<\/p>\n<p><label> Nom du responsable du compte*<br \/>\n<span class=\"wpcf7-form-control-wrap\" data-name=\"responsable\"><input size=\"40\" maxlength=\"400\" class=\"wpcf7-form-control wpcf7-text wpcf7-validates-as-required\" aria-required=\"true\" aria-invalid=\"false\" value=\"\" type=\"text\" name=\"responsable\" \/><\/span> <\/label>\n<\/p>\n<p><label> Email du responsable du compte*<br \/>\n<span class=\"wpcf7-form-control-wrap\" data-name=\"your-email\"><input size=\"40\" maxlength=\"400\" class=\"wpcf7-form-control wpcf7-email wpcf7-validates-as-required wpcf7-text wpcf7-validates-as-email\" aria-required=\"true\" aria-invalid=\"false\" value=\"\" type=\"email\" name=\"your-email\" \/><\/span> <\/label>\n<\/p>\n<p><label> T\u00e9l\u00e9phone du responsable du compte*<br \/>\n<span class=\"wpcf7-form-control-wrap\" data-name=\"tel\"><input size=\"40\" maxlength=\"400\" class=\"wpcf7-form-control wpcf7-text wpcf7-validates-as-required\" aria-required=\"true\" aria-invalid=\"false\" value=\"\" type=\"text\" name=\"tel\" \/><\/span> <\/label>\n<\/p>\n<p><label> Type de demande* <\/label><br \/>\n<span class=\"wpcf7-form-control-wrap\" data-name=\"type\"><span class=\"wpcf7-form-control wpcf7-checkbox wpcf7-validates-as-required wpcf7-exclusive-checkbox\"><span class=\"wpcf7-list-item first\"><label><input type=\"checkbox\" name=\"type\" value=\"Cr\u00e9ation\" \/><span class=\"wpcf7-list-item-label\">Cr\u00e9ation<\/span><\/label><\/span><span class=\"wpcf7-list-item last\"><label><input type=\"checkbox\" name=\"type\" value=\"Modification\" \/><span class=\"wpcf7-list-item-label\">Modification<\/span><\/label><\/span><\/span><\/span>\n<\/p>\n<p><label> Gate (si existante)<br \/>\n<span class=\"wpcf7-form-control-wrap\" data-name=\"gate\"><input size=\"40\" maxlength=\"400\" class=\"wpcf7-form-control wpcf7-text\" aria-invalid=\"false\" value=\"\" type=\"text\" name=\"gate\" \/><\/span> <\/label>\n<\/p>\n<p><label> Mode test* <\/label><br \/>\n<span class=\"wpcf7-form-control-wrap\" data-name=\"debug\"><span class=\"wpcf7-form-control wpcf7-checkbox wpcf7-validates-as-required wpcf7-exclusive-checkbox\"><span class=\"wpcf7-list-item first\"><label><input type=\"checkbox\" name=\"debug\" value=\"Oui\" \/><span class=\"wpcf7-list-item-label\">Oui<\/span><\/label><\/span><span class=\"wpcf7-list-item last\"><label><input type=\"checkbox\" name=\"debug\" value=\"Non\" \/><span class=\"wpcf7-list-item-label\">Non<\/span><\/label><\/span><\/span><\/span>\n<\/p>\n<p><label> Gestion automatis\u00e9e des utilisateurs* <\/label><br \/>\n<span class=\"wpcf7-form-control-wrap\" data-name=\"users-add\"><span class=\"wpcf7-form-control wpcf7-checkbox wpcf7-validates-as-required wpcf7-exclusive-checkbox\"><span class=\"wpcf7-list-item first\"><label><input type=\"checkbox\" name=\"users-add\" value=\"Oui\" \/><span class=\"wpcf7-list-item-label\">Oui<\/span><\/label><\/span><span class=\"wpcf7-list-item last\"><label><input type=\"checkbox\" name=\"users-add\" value=\"Non\" \/><span class=\"wpcf7-list-item-label\">Non<\/span><\/label><\/span><\/span><\/span>\n<\/p>\n<p><label> Mode d'utilisation* <\/label><br \/>\n<span class=\"wpcf7-form-control-wrap\" data-name=\"mode\"><span class=\"wpcf7-form-control wpcf7-checkbox wpcf7-validates-as-required wpcf7-exclusive-checkbox\"><span class=\"wpcf7-list-item first\"><label><input type=\"checkbox\" name=\"mode\" value=\"On-Demand\" \/><span class=\"wpcf7-list-item-label\">On-Demand<\/span><\/label><\/span><span class=\"wpcf7-list-item last\"><label><input type=\"checkbox\" name=\"mode\" value=\"Batch\" \/><span class=\"wpcf7-list-item-label\">Batch<\/span><\/label><\/span><\/span><\/span>\n<\/p>\n<p><label> Mode d'API* <\/label><br \/>\n<span class=\"wpcf7-form-control-wrap\" data-name=\"role\"><span class=\"wpcf7-form-control wpcf7-checkbox wpcf7-validates-as-required wpcf7-exclusive-checkbox\"><span class=\"wpcf7-list-item first\"><label><input type=\"checkbox\" name=\"role\" value=\"Portail Famille\" \/><span class=\"wpcf7-list-item-label\">Portail Famille<\/span><\/label><\/span><span class=\"wpcf7-list-item\"><label><input type=\"checkbox\" name=\"role\" value=\"Portail R\u00e9servataire\" \/><span class=\"wpcf7-list-item-label\">Portail R\u00e9servataire<\/span><\/label><\/span><span class=\"wpcf7-list-item\"><label><input type=\"checkbox\" name=\"role\" value=\"State Data\" \/><span class=\"wpcf7-list-item-label\">State Data<\/span><\/label><\/span><span class=\"wpcf7-list-item last\"><label><input type=\"checkbox\" name=\"role\" value=\"Suivi p\u00e9dagogique\" \/><span class=\"wpcf7-list-item-label\">Suivi p\u00e9dagogique<\/span><\/label><\/span><\/span><\/span>\n<\/p>\n<p><label> Droits particuliers <\/label><br \/>\n<span class=\"wpcf7-form-control-wrap\" data-name=\"rights\"><span class=\"wpcf7-form-control wpcf7-checkbox\"><span class=\"wpcf7-list-item first\"><label><input type=\"checkbox\" name=\"rights[]\" value=\"Mailing\" \/><span class=\"wpcf7-list-item-label\">Mailing<\/span><\/label><\/span><span class=\"wpcf7-list-item\"><label><input type=\"checkbox\" name=\"rights[]\" value=\"Acc\u00e8s complet\" \/><span class=\"wpcf7-list-item-label\">Acc\u00e8s complet<\/span><\/label><\/span><span class=\"wpcf7-list-item\"><label><input type=\"checkbox\" name=\"rights[]\" value=\"Impersonnalisation\" \/><span class=\"wpcf7-list-item-label\">Impersonnalisation<\/span><\/label><\/span><span class=\"wpcf7-list-item last\"><label><input type=\"checkbox\" name=\"rights[]\" value=\"Gestion des comptes d&#039;application Hoptis\" \/><span class=\"wpcf7-list-item-label\">Gestion des comptes d&#039;application Hoptis<\/span><\/label><\/span><\/span><\/span>\n<\/p>\n<p><label> Description*<br \/>\n<span class=\"wpcf7-form-control-wrap\" data-name=\"description\"><textarea cols=\"40\" rows=\"10\" maxlength=\"2000\" class=\"wpcf7-form-control wpcf7-textarea wpcf7-validates-as-required\" aria-required=\"true\" aria-invalid=\"false\" placeholder=\"D\u00e9tailler les cas d&#039;usages\" name=\"description\"><\/textarea><\/span><\/label>\n<\/p>\n<p><label> Autres pr\u00e9cisions<br \/>\n<span class=\"wpcf7-form-control-wrap\" data-name=\"your-message\"><textarea cols=\"40\" rows=\"10\" maxlength=\"2000\" class=\"wpcf7-form-control wpcf7-textarea\" aria-invalid=\"false\" name=\"your-message\"><\/textarea><\/span> <\/label>\n<\/p>\n<p>En utilisant l'API Hoptis Software, vous acceptez les termes et conditions suivants\n<\/p>\n<p>Acc\u00e8s et Utilisation :\n<\/p>\n<p>L'acc\u00e8s \u00e0 l'API est r\u00e9serv\u00e9 aux utilisateurs autoris\u00e9s. Vous devez s\u00e9curiser votre compte en utilisant des mots de passe forts et en activant l'authentification \u00e0 deux facteurs lorsque disponible.<br \/>\nVous \u00eates responsable de toutes les activit\u00e9s effectu\u00e9es via votre compte API. Ne partagez jamais vos identifiants de connexion.\n<\/p>\n<p>Responsabilit\u00e9 :\n<\/p>\n<p>Vous \u00eates responsable de la conformit\u00e9 avec toutes les lois et r\u00e9glementations applicables lors de l'utilisation de l'API.<br \/>\nHoptis Software ne peut \u00eatre tenu responsable des pertes ou dommages r\u00e9sultant de l'utilisation de l'API.\n<\/p>\n<p>Utilisation Appropri\u00e9e :\n<\/p>\n<p>Vous ne devez pas utiliser l'API pour des activit\u00e9s ill\u00e9gales, frauduleuses ou nuisibles.<br \/>\nToute utilisation abusive ou excessive de l'API peut entra\u00eener la suspension ou la r\u00e9siliation de votre acc\u00e8s.\n<\/p>\n<p>Confidentialit\u00e9 :\n<\/p>\n<p>Vous devez prot\u00e9ger les donn\u00e9es obtenues via l'API et respecter les politiques de confidentialit\u00e9 de Hoptis Software.<br \/>\nNe divulguez pas les informations sensibles ou personnelles sans autorisation explicite.<br \/>\nMises \u00e0 Jour et Maintenance :\n<\/p>\n<p>Hoptis Software se r\u00e9serve le droit de mettre \u00e0 jour, modifier ou interrompre l'API \u00e0 tout moment.<br \/>\nVous serez inform\u00e9 des modifications importantes via les canaux de communication appropri\u00e9s.\n<\/p>\n<p><span class=\"wpcf7-form-control-wrap\" data-name=\"cgu\"><span class=\"wpcf7-form-control wpcf7-acceptance\"><span class=\"wpcf7-list-item\"><label><input type=\"checkbox\" name=\"cgu\" value=\"1\" aria-invalid=\"false\" \/><span class=\"wpcf7-list-item-label\">En acceptant ces conditions, vous vous engagez \u00e0 utiliser l'API de mani\u00e8re responsable et s\u00e9curis\u00e9e.\nPour toute question ou assistance, veuillez contacter notre support technique.<\/span><\/label><\/span><\/span><\/span>\n<\/p>\n<p><input class=\"wpcf7-form-control wpcf7-submit has-spinner\" type=\"submit\" value=\"Envoyer\" \/>\n<\/p><p style=\"display: none !important;\" class=\"akismet-fields-container\" data-prefix=\"_wpcf7_ak_\"><label>&#916;<textarea name=\"_wpcf7_ak_hp_textarea\" cols=\"45\" rows=\"8\" maxlength=\"100\"><\/textarea><\/label><input type=\"hidden\" id=\"ak_js_1\" name=\"_wpcf7_ak_js\" value=\"191\"\/><script>\ndocument.getElementById( \"ak_js_1\" ).setAttribute( \"value\", ( new Date() ).getTime() );\n<\/script>\n<\/p><div class=\"wpcf7-response-output\" aria-hidden=\"true\"><\/div>\n<\/form>\n<\/div>\n<\/div>\n\n\n\n<p><\/p>\n","protected":false},"excerpt":{"rendered":"","protected":false},"author":1,"featured_media":0,"parent":0,"menu_order":0,"comment_status":"closed","ping_status":"closed","template":"","meta":{"_uag_custom_page_level_css":"","_swt_meta_header_display":false,"_swt_meta_footer_display":false,"_swt_meta_site_title_display":false,"_swt_meta_sticky_header":false,"_swt_meta_transparent_header":false,"footnotes":""},"class_list":["post-1290","page","type-page","status-publish","hentry"],"uagb_featured_image_src":{"full":false,"thumbnail":false,"medium":false,"medium_large":false,"large":false,"1536x1536":false,"2048x2048":false},"uagb_author_info":{"display_name":"Edouard","author_link":"https:\/\/www.hoptis.com\/index.php\/author\/hoptis\/"},"uagb_comment_info":0,"uagb_excerpt":null,"_links":{"self":[{"href":"https:\/\/www.hoptis.com\/index.php\/wp-json\/wp\/v2\/pages\/1290","targetHints":{"allow":["GET"]}}],"collection":[{"href":"https:\/\/www.hoptis.com\/index.php\/wp-json\/wp\/v2\/pages"}],"about":[{"href":"https:\/\/www.hoptis.com\/index.php\/wp-json\/wp\/v2\/types\/page"}],"author":[{"embeddable":true,"href":"https:\/\/www.hoptis.com\/index.php\/wp-json\/wp\/v2\/users\/1"}],"replies":[{"embeddable":true,"href":"https:\/\/www.hoptis.com\/index.php\/wp-json\/wp\/v2\/comments?post=1290"}],"version-history":[{"count":3,"href":"https:\/\/www.hoptis.com\/index.php\/wp-json\/wp\/v2\/pages\/1290\/revisions"}],"predecessor-version":[{"id":1297,"href":"https:\/\/www.hoptis.com\/index.php\/wp-json\/wp\/v2\/pages\/1290\/revisions\/1297"}],"wp:attachment":[{"href":"https:\/\/www.hoptis.com\/index.php\/wp-json\/wp\/v2\/media?parent=1290"}],"curies":[{"name":"wp","href":"https:\/\/api.w.org\/{rel}","templated":true}]}}