{"id":216,"date":"2023-06-01T10:48:30","date_gmt":"2023-06-01T08:48:30","guid":{"rendered":"http:\/\/heb03.hoptis.com\/?page_id=216"},"modified":"2023-06-01T10:48:30","modified_gmt":"2023-06-01T08:48:30","slug":"demande-de-creation-etablissement","status":"publish","type":"page","link":"https:\/\/www.hoptis.com\/index.php\/demande-de-creation-etablissement\/","title":{"rendered":"Demande de cr\u00e9ation \u00e9tablissement"},"content":{"rendered":"\n<div class=\"wp-block-contact-form-7-contact-form-selector\">\n<div class=\"wpcf7 no-js\" id=\"wpcf7-f215-o1\" lang=\"fr-FR\" dir=\"ltr\" data-wpcf7-id=\"215\">\n<div class=\"screen-reader-response\"><p role=\"status\" aria-live=\"polite\" aria-atomic=\"true\"><\/p> <ul><\/ul><\/div>\n<form action=\"\/index.php\/wp-json\/wp\/v2\/pages\/216#wpcf7-f215-o1\" method=\"post\" class=\"wpcf7-form init\" aria-label=\"Formulaire de contact\" enctype=\"multipart\/form-data\" novalidate=\"novalidate\" data-status=\"init\">\n<fieldset class=\"hidden-fields-container\"><input type=\"hidden\" name=\"_wpcf7\" value=\"215\" \/><input type=\"hidden\" name=\"_wpcf7_version\" value=\"6.1.6\" \/><input type=\"hidden\" name=\"_wpcf7_locale\" value=\"fr_FR\" \/><input type=\"hidden\" name=\"_wpcf7_unit_tag\" value=\"wpcf7-f215-o1\" \/><input type=\"hidden\" name=\"_wpcf7_container_post\" value=\"0\" \/><input type=\"hidden\" name=\"_wpcf7_posted_data_hash\" value=\"\" \/>\n<\/fieldset>\n<div class=\"wpcf7-turnstile cf-turnstile\" data-sitekey=\"0x4AAAAAACNZTmE4X3FpdPtf\" data-response-field-name=\"_wpcf7_turnstile_response\"><\/div>\n<p><label> Nom de la structure*<br \/>\n<span class=\"wpcf7-form-control-wrap\" data-name=\"etab\"><input size=\"40\" maxlength=\"400\" class=\"wpcf7-form-control wpcf7-text wpcf7-validates-as-required\" aria-required=\"true\" aria-invalid=\"false\" value=\"\" type=\"text\" name=\"etab\" \/><\/span> <\/label>\n<\/p>\n<p><label> Nom du responsable de la structure<br \/>\n<span class=\"wpcf7-form-control-wrap\" data-name=\"responsable\"><input size=\"40\" maxlength=\"400\" class=\"wpcf7-form-control wpcf7-text\" aria-invalid=\"false\" value=\"\" type=\"text\" name=\"responsable\" \/><\/span> <\/label>\n<\/p>\n<p><label> Email de la structure<br \/>\n<span class=\"wpcf7-form-control-wrap\" data-name=\"email\"><input size=\"40\" maxlength=\"400\" class=\"wpcf7-form-control wpcf7-text\" aria-invalid=\"false\" value=\"\" type=\"text\" name=\"email\" \/><\/span> <\/label>\n<\/p>\n<p><label> T\u00e9l\u00e9phone de la structure<br \/>\n<span class=\"wpcf7-form-control-wrap\" data-name=\"tel\"><input size=\"40\" maxlength=\"400\" class=\"wpcf7-form-control wpcf7-text\" aria-invalid=\"false\" value=\"\" type=\"text\" name=\"tel\" \/><\/span> <\/label>\n<\/p>\n<p><label> Adresse postale compl\u00e8te*<br \/>\n<span class=\"wpcf7-form-control-wrap\" data-name=\"adresse\"><input size=\"40\" maxlength=\"400\" class=\"wpcf7-form-control wpcf7-text wpcf7-validates-as-required\" aria-required=\"true\" aria-invalid=\"false\" value=\"\" type=\"text\" name=\"adresse\" \/><\/span> <\/label>\n<\/p>\n<p><label> Mode de financement* <\/label><br \/>\n<span class=\"wpcf7-form-control-wrap\" data-name=\"psu\"><span class=\"wpcf7-form-control wpcf7-checkbox wpcf7-validates-as-required wpcf7-exclusive-checkbox\"><span class=\"wpcf7-list-item first\"><label><input type=\"checkbox\" name=\"psu\" value=\"PSU\" \/><span class=\"wpcf7-list-item-label\">PSU<\/span><\/label><\/span><span class=\"wpcf7-list-item last\"><label><input type=\"checkbox\" name=\"psu\" value=\"PAJE\" \/><span class=\"wpcf7-list-item-label\">PAJE<\/span><\/label><\/span><\/span><\/span>\n<\/p>\n<p><label> Mode de garde* <\/label><br \/>\n<span class=\"wpcf7-form-control-wrap\" data-name=\"mode\"><span class=\"wpcf7-form-control wpcf7-checkbox wpcf7-validates-as-required wpcf7-exclusive-checkbox\"><span class=\"wpcf7-list-item first\"><label><input type=\"checkbox\" name=\"mode\" value=\"Multi-accueil\" \/><span class=\"wpcf7-list-item-label\">Multi-accueil<\/span><\/label><\/span><span class=\"wpcf7-list-item last\"><label><input type=\"checkbox\" name=\"mode\" value=\"Micro cr\u00e8che\" \/><span class=\"wpcf7-list-item-label\">Micro cr\u00e8che<\/span><\/label><\/span><\/span><\/span>\n<\/p>\n<p><label> Mode de facturation* <\/label><br \/>\n<span class=\"wpcf7-form-control-wrap\" data-name=\"facturation\"><span class=\"wpcf7-form-control wpcf7-checkbox wpcf7-validates-as-required wpcf7-exclusive-checkbox\"><span class=\"wpcf7-list-item first\"><label><input type=\"checkbox\" name=\"facturation\" value=\"Echu\" \/><span class=\"wpcf7-list-item-label\">Echu<\/span><\/label><\/span><span class=\"wpcf7-list-item last\"><label><input type=\"checkbox\" name=\"facturation\" value=\"A \u00e9choir\" \/><span class=\"wpcf7-list-item-label\">A \u00e9choir<\/span><\/label><\/span><\/span><\/span>\n<\/p>\n<p><label> Mensualisation* <\/label><br \/>\n<span class=\"wpcf7-form-control-wrap\" data-name=\"mensualisation\"><span class=\"wpcf7-form-control wpcf7-checkbox wpcf7-validates-as-required wpcf7-exclusive-checkbox\"><span class=\"wpcf7-list-item first\"><label><input type=\"checkbox\" name=\"mensualisation\" value=\"Oui\" \/><span class=\"wpcf7-list-item-label\">Oui<\/span><\/label><\/span><span class=\"wpcf7-list-item last\"><label><input type=\"checkbox\" name=\"mensualisation\" value=\"Non\" \/><span class=\"wpcf7-list-item-label\">Non<\/span><\/label><\/span><\/span><\/span>\n<\/p>\n<p><label> Agr\u00e9ment*<br \/>\n<span class=\"wpcf7-form-control-wrap\" data-name=\"agrement\"><textarea cols=\"40\" rows=\"10\" maxlength=\"2000\" class=\"wpcf7-form-control wpcf7-textarea wpcf7-validates-as-required\" aria-required=\"true\" aria-invalid=\"false\" placeholder=\"Renseigner sur chaque tranche horaire le nombre de place\" name=\"agrement\"><\/textarea><\/span><\/label>\n<\/p>\n<p><label> Sections*<br \/>\n<span class=\"wpcf7-form-control-wrap\" data-name=\"groupe\"><textarea cols=\"40\" rows=\"10\" maxlength=\"2000\" class=\"wpcf7-form-control wpcf7-textarea wpcf7-validates-as-required\" aria-required=\"true\" aria-invalid=\"false\" placeholder=\"Liste des groupes enfants\" name=\"groupe\"><\/textarea><\/span><\/label>\n<\/p>\n<p><label> Date de reprise\/ouverture* <\/label><br \/>\n<span class=\"wpcf7-form-control-wrap\" data-name=\"ouverture\"><input class=\"wpcf7-form-control wpcf7-date wpcf7-validates-as-required wpcf7-validates-as-date\" aria-required=\"true\" aria-invalid=\"false\" value=\"\" type=\"date\" name=\"ouverture\" \/><\/span>\n<\/p>\n<p><label> Calendrier (dates exactes des fermetures)<br \/>\n<span class=\"wpcf7-form-control-wrap\" data-name=\"calendrier\"><textarea cols=\"40\" rows=\"10\" maxlength=\"2000\" class=\"wpcf7-form-control wpcf7-textarea\" aria-invalid=\"false\" name=\"calendrier\"><\/textarea><\/span> <\/label>\n<\/p>\n<p><label> Mode de remise des cong\u00e9s* <\/label><br \/>\n<span class=\"wpcf7-form-control-wrap\" data-name=\"conges\"><span class=\"wpcf7-form-control wpcf7-checkbox wpcf7-validates-as-required wpcf7-exclusive-checkbox\"><span class=\"wpcf7-list-item first\"><label><input type=\"checkbox\" name=\"conges\" value=\"Remise des retenues\" \/><span class=\"wpcf7-list-item-label\">Remise des retenues<\/span><\/label><\/span><span class=\"wpcf7-list-item last\"><label><input type=\"checkbox\" name=\"conges\" value=\"Incluses au contrat\" \/><span class=\"wpcf7-list-item-label\">Incluses au contrat<\/span><\/label><\/span><\/span><\/span>\n<\/p>\n<p><label> Mode de facturation de l\u2019adaptation*<br \/>\n<span class=\"wpcf7-form-control-wrap\" data-name=\"adaptation\"><input size=\"40\" maxlength=\"400\" class=\"wpcf7-form-control wpcf7-text wpcf7-validates-as-required\" aria-required=\"true\" aria-invalid=\"false\" placeholder=\"Ex: Gratuites, Facturation au r\u00e9el, 1 jour de gratuit\u00e9...\" value=\"\" type=\"text\" name=\"adaptation\" \/><\/span> <\/label>\n<\/p>\n<p><label> Types de contrats \u00e0 activer* <\/label><br \/>\n<span class=\"wpcf7-form-control-wrap\" data-name=\"contrat\"><span class=\"wpcf7-form-control wpcf7-checkbox wpcf7-validates-as-required\"><span class=\"wpcf7-list-item first\"><label><input type=\"checkbox\" name=\"contrat[]\" value=\"Planifi\u00e9\" \/><span class=\"wpcf7-list-item-label\">Planifi\u00e9<\/span><\/label><\/span><span class=\"wpcf7-list-item\"><label><input type=\"checkbox\" name=\"contrat[]\" value=\"Variable\" \/><span class=\"wpcf7-list-item-label\">Variable<\/span><\/label><\/span><span class=\"wpcf7-list-item\"><label><input type=\"checkbox\" name=\"contrat[]\" value=\"Volume horaire\" \/><span class=\"wpcf7-list-item-label\">Volume horaire<\/span><\/label><\/span><span class=\"wpcf7-list-item last\"><label><input type=\"checkbox\" name=\"contrat[]\" value=\"A l&#039;heure\" \/><span class=\"wpcf7-list-item-label\">A l&#039;heure<\/span><\/label><\/span><\/span><\/span>\n<\/p>\n<p><label> RIB<br \/>\n<span class=\"wpcf7-form-control-wrap\" data-name=\"rib\"><textarea cols=\"40\" rows=\"10\" maxlength=\"2000\" class=\"wpcf7-form-control wpcf7-textarea\" aria-invalid=\"false\" name=\"rib\"><\/textarea><\/span> <\/label>\n<\/p>\n<p><label> Devis sign\u00e9 ou Commande*<\/label><br \/>\n<span class=\"wpcf7-form-control-wrap\" data-name=\"devis\"><input size=\"40\" class=\"wpcf7-form-control wpcf7-file wpcf7-validates-as-required\" accept=\".pdf\" aria-required=\"true\" aria-invalid=\"false\" type=\"file\" name=\"devis\" \/><\/span>\n<\/p>\n<p><label> ID Etablissement<br \/>\n<span class=\"wpcf7-form-control-wrap\" data-name=\"idetab\"><input size=\"40\" maxlength=\"400\" class=\"wpcf7-form-control wpcf7-text\" aria-invalid=\"false\" placeholder=\"Si cr\u00e9\u00e9 en pr\u00e9inscription, l&#039;identifiant de l&#039;\u00e9tablissement\" value=\"\" type=\"text\" name=\"idetab\" \/><\/span> <\/label>\n<\/p>\n<p><label> Votre nom*<br \/>\n<span class=\"wpcf7-form-control-wrap\" data-name=\"your-name\"><input size=\"40\" maxlength=\"400\" class=\"wpcf7-form-control wpcf7-text wpcf7-validates-as-required\" autocomplete=\"name\" aria-required=\"true\" aria-invalid=\"false\" value=\"\" type=\"text\" name=\"your-name\" \/><\/span> <\/label>\n<\/p>\n<p><label> Votre e-mail*<br \/>\n<span class=\"wpcf7-form-control-wrap\" data-name=\"your-email\"><input size=\"40\" maxlength=\"400\" class=\"wpcf7-form-control wpcf7-email wpcf7-validates-as-required wpcf7-text wpcf7-validates-as-email\" autocomplete=\"email\" aria-required=\"true\" aria-invalid=\"false\" value=\"\" type=\"email\" name=\"your-email\" \/><\/span> <\/label>\n<\/p>\n<p><label> Autres pr\u00e9cisions<br \/>\n<span class=\"wpcf7-form-control-wrap\" data-name=\"your-message\"><textarea cols=\"40\" rows=\"10\" maxlength=\"2000\" class=\"wpcf7-form-control wpcf7-textarea\" aria-invalid=\"false\" name=\"your-message\"><\/textarea><\/span> <\/label>\n<\/p>\n<p><input class=\"wpcf7-form-control wpcf7-submit has-spinner\" type=\"submit\" value=\"Envoyer\" \/>\n<\/p><p style=\"display: none !important;\" class=\"akismet-fields-container\" data-prefix=\"_wpcf7_ak_\"><label>&#916;<textarea name=\"_wpcf7_ak_hp_textarea\" cols=\"45\" rows=\"8\" maxlength=\"100\"><\/textarea><\/label><input type=\"hidden\" id=\"ak_js_1\" name=\"_wpcf7_ak_js\" value=\"96\"\/><script>\ndocument.getElementById( \"ak_js_1\" ).setAttribute( \"value\", ( new Date() ).getTime() );\n<\/script>\n<\/p><div class=\"wpcf7-response-output\" aria-hidden=\"true\"><\/div>\n<\/form>\n<\/div>\n<\/div>\n","protected":false},"excerpt":{"rendered":"","protected":false},"author":1,"featured_media":0,"parent":0,"menu_order":0,"comment_status":"closed","ping_status":"closed","template":"","meta":{"_uag_custom_page_level_css":"","_swt_meta_header_display":false,"_swt_meta_footer_display":false,"_swt_meta_site_title_display":false,"_swt_meta_sticky_header":false,"_swt_meta_transparent_header":false,"footnotes":""},"class_list":["post-216","page","type-page","status-publish","hentry"],"uagb_featured_image_src":{"full":false,"thumbnail":false,"medium":false,"medium_large":false,"large":false,"1536x1536":false,"2048x2048":false},"uagb_author_info":{"display_name":"Edouard","author_link":"https:\/\/www.hoptis.com\/index.php\/author\/hoptis\/"},"uagb_comment_info":0,"uagb_excerpt":null,"_links":{"self":[{"href":"https:\/\/www.hoptis.com\/index.php\/wp-json\/wp\/v2\/pages\/216","targetHints":{"allow":["GET"]}}],"collection":[{"href":"https:\/\/www.hoptis.com\/index.php\/wp-json\/wp\/v2\/pages"}],"about":[{"href":"https:\/\/www.hoptis.com\/index.php\/wp-json\/wp\/v2\/types\/page"}],"author":[{"embeddable":true,"href":"https:\/\/www.hoptis.com\/index.php\/wp-json\/wp\/v2\/users\/1"}],"replies":[{"embeddable":true,"href":"https:\/\/www.hoptis.com\/index.php\/wp-json\/wp\/v2\/comments?post=216"}],"version-history":[{"count":1,"href":"https:\/\/www.hoptis.com\/index.php\/wp-json\/wp\/v2\/pages\/216\/revisions"}],"predecessor-version":[{"id":217,"href":"https:\/\/www.hoptis.com\/index.php\/wp-json\/wp\/v2\/pages\/216\/revisions\/217"}],"wp:attachment":[{"href":"https:\/\/www.hoptis.com\/index.php\/wp-json\/wp\/v2\/media?parent=216"}],"curies":[{"name":"wp","href":"https:\/\/api.w.org\/{rel}","templated":true}]}}