{"id":286,"date":"2024-02-15T12:10:12","date_gmt":"2024-02-15T11:10:12","guid":{"rendered":"http:\/\/heb03.hoptis.com\/?page_id=286"},"modified":"2024-02-15T17:04:31","modified_gmt":"2024-02-15T16:04:31","slug":"bienvenue-chez-hoptis-votre-partenaire-de-confiance","status":"publish","type":"page","link":"https:\/\/www.hoptis.com\/index.php\/bienvenue-chez-hoptis-votre-partenaire-de-confiance\/","title":{"rendered":"Bienvenue chez Hoptis"},"content":{"rendered":"\n<div class=\"wp-block-uagb-image aligncenter uagb-block-6a535f98 wp-block-uagb-image--layout-default wp-block-uagb-image--effect-static wp-block-uagb-image--align-center\"><figure class=\"wp-block-uagb-image__figure\"><img decoding=\"async\"  sizes=\"auto, (max-width: 480px) 150px\" src=\"https:\/\/www.hoptis.com\/wp-content\/uploads\/2024\/02\/wepik-export-20240215120823v7Ts-1024x762.jpeg\" alt=\"\" width=\"421\" height=\"302\" title=\"\" loading=\"lazy\"\/><\/figure><\/div>\n\n\n\n<h2 class=\"wp-block-heading\">Votre Partenaire de Confiance<\/h2>\n\n\n\n<h3 class=\"wp-block-heading\">L&rsquo;entreprise<\/h3>\n\n\n\n<p>Hoptis Software, cr\u00e9\u00e9e en 2006, se distingue dans le domaine de la conception de logiciels de gestion multiplateforme en alliant innovation et une culture d&rsquo;entreprise ax\u00e9e sur la satisfaction client. Notre mission consiste \u00e0 simplifier la gestion quotidienne des \u00e9tablissements d&rsquo;accueil de la petite enfance, en nous adaptant de mani\u00e8re flexible \u00e0 leur organisation.<\/p>\n\n\n\n<p>Notre engagement se traduit par la cr\u00e9ation d&rsquo;une gamme compl\u00e8te de logiciels con\u00e7us pour r\u00e9pondre \u00e0 l&rsquo;ensemble de vos besoins. Nos solutions de gestion de cr\u00e8ches sont pens\u00e9es pour \u00eatre intuitives et faciles \u00e0 ma\u00eetriser. De la gestion des informations sur les parents et les enfants \u00e0 la facturation, en passant par les statistiques, nos logiciels offrent une prise en main fluide.<\/p>\n\n\n\n<p>Notre force r\u00e9side dans notre \u00e9quipe d\u00e9di\u00e9e et passionn\u00e9e, \u0153uvrant ensemble pour fournir des solutions exceptionnelles \u00e0 nos clients. Guid\u00e9s par notre vision commune et notre engagement envers l&rsquo;excellence, chaque membre de notre \u00e9quipe joue un r\u00f4le essentiel dans la r\u00e9alisation de notre mission.<\/p>\n\n\n\n<p>Chez Hoptis, notre engagement envers un service apr\u00e8s-vente de qualit\u00e9 est une priorit\u00e9. Nous sommes l\u00e0 pour r\u00e9pondre \u00e0 vos besoins et maintenir un contact constant avec vous. La rigueur et le respect de nos engagements envers nos clients sont au c\u0153ur de notre fonctionnement.<\/p>\n\n\n\n<h3 class=\"wp-block-heading\">Notre \u00e9quipe<\/h3>\n\n\n\n<p>Nous croyons en la force collective de nos talents diversifi\u00e9s. Chaque membre de notre \u00e9quipe apporte sa contribution unique, cr\u00e9ant ainsi une synergie qui se traduit par des solutions innovantes, une excellence op\u00e9rationnelle et une satisfaction client maximale. Nous sommes fiers de notre \u00e9quipe et de notre engagement commun envers l&rsquo;excellence, et nous sommes impatients de vous accompagner dans votre parcours avec Hoptis.<\/p>\n\n\n\n<h3 class=\"wp-block-heading\">Direction Visionnaire<\/h3>\n\n\n\n<p>Notre fondateur et directeur, guide notre entreprise avec une vision claire et une passion contagieuse. Son leadership inspirant donne le ton \u00e0 notre culture d&rsquo;innovation, d&rsquo;int\u00e9grit\u00e9 et d&rsquo;engagement envers la satisfaction du client.<\/p>\n\n\n\n<h3 class=\"wp-block-heading\">P\u00f4le D\u00e9veloppement<\/h3>\n\n\n\n<p>Au c\u0153ur de notre r\u00e9ussite, notre \u00e9quipe de d\u00e9veloppement travaille sans rel\u00e2che pour cr\u00e9er des solutions informatiques novatrices et efficaces. Chaque membre de ce p\u00f4le apporte une expertise unique, collaborant \u00e9troitement pour concr\u00e9tiser les id\u00e9es les plus audacieuses. Ensemble, ils repoussent les limites technologiques pour offrir des produits de pointe qui r\u00e9pondent aux besoins en constante \u00e9volution de nos clients.<\/p>\n\n\n\n<h3 class=\"wp-block-heading\">Centre d&rsquo;Appel<\/h3>\n\n\n\n<p>\u00c0 l&rsquo;avant-garde de notre relation client, notre centre d&rsquo;appel est compos\u00e9 d&rsquo;individus d\u00e9di\u00e9s \u00e0 offrir une exp\u00e9rience client exceptionnelle. Avec une \u00e9coute attentive et une r\u00e9solution proactive des probl\u00e8mes, notre \u00e9quipe du service client\u00e8le incarne notre engagement envers la satisfaction totale du client.<\/p>\n\n\n\n<h3 class=\"wp-block-heading\">Service Administratif<\/h3>\n\n\n\n<p>Notre \u00e9quipe administrative est le pilier essentiel qui assure le bon fonctionnement de nos op\u00e9rations. Gestionnaires de projet, experts en ressources humaines, et professionnels de la finance collaborent harmonieusement pour maintenir l&rsquo;efficacit\u00e9 et la transparence au sein de notre entreprise.<\/p>\n","protected":false},"excerpt":{"rendered":"<p>Votre Partenaire de Confiance L&rsquo;entreprise Hoptis Software, cr\u00e9\u00e9e en 2006, se distingue dans le domaine de la conception de logiciels de gestion multiplateforme en alliant innovation et une culture d&rsquo;entreprise ax\u00e9e sur la satisfaction client. Notre mission consiste \u00e0 simplifier la gestion quotidienne des \u00e9tablissements d&rsquo;accueil de la petite enfance, en nous adaptant de mani\u00e8re [&hellip;]<\/p>\n","protected":false},"author":1,"featured_media":0,"parent":0,"menu_order":0,"comment_status":"closed","ping_status":"closed","template":"","meta":{"_uag_custom_page_level_css":"","_swt_meta_header_display":false,"_swt_meta_footer_display":false,"_swt_meta_site_title_display":false,"_swt_meta_sticky_header":false,"_swt_meta_transparent_header":false,"footnotes":""},"class_list":["post-286","page","type-page","status-publish","hentry"],"uagb_featured_image_src":{"full":false,"thumbnail":false,"medium":false,"medium_large":false,"large":false,"1536x1536":false,"2048x2048":false},"uagb_author_info":{"display_name":"Edouard","author_link":"https:\/\/www.hoptis.com\/index.php\/author\/hoptis\/"},"uagb_comment_info":0,"uagb_excerpt":"Votre Partenaire de Confiance L&rsquo;entreprise Hoptis Software, cr\u00e9\u00e9e en 2006, se distingue dans le domaine de la conception de logiciels de gestion multiplateforme en alliant innovation et une culture d&rsquo;entreprise ax\u00e9e sur la satisfaction client. Notre mission consiste \u00e0 simplifier la gestion quotidienne des \u00e9tablissements d&rsquo;accueil de la petite enfance, en nous adaptant de mani\u00e8re\u2026","_links":{"self":[{"href":"https:\/\/www.hoptis.com\/index.php\/wp-json\/wp\/v2\/pages\/286","targetHints":{"allow":["GET"]}}],"collection":[{"href":"https:\/\/www.hoptis.com\/index.php\/wp-json\/wp\/v2\/pages"}],"about":[{"href":"https:\/\/www.hoptis.com\/index.php\/wp-json\/wp\/v2\/types\/page"}],"author":[{"embeddable":true,"href":"https:\/\/www.hoptis.com\/index.php\/wp-json\/wp\/v2\/users\/1"}],"replies":[{"embeddable":true,"href":"https:\/\/www.hoptis.com\/index.php\/wp-json\/wp\/v2\/comments?post=286"}],"version-history":[{"count":5,"href":"https:\/\/www.hoptis.com\/index.php\/wp-json\/wp\/v2\/pages\/286\/revisions"}],"predecessor-version":[{"id":378,"href":"https:\/\/www.hoptis.com\/index.php\/wp-json\/wp\/v2\/pages\/286\/revisions\/378"}],"wp:attachment":[{"href":"https:\/\/www.hoptis.com\/index.php\/wp-json\/wp\/v2\/media?parent=286"}],"curies":[{"name":"wp","href":"https:\/\/api.w.org\/{rel}","templated":true}]}}