{"id":293,"date":"2024-02-15T12:29:00","date_gmt":"2024-02-15T11:29:00","guid":{"rendered":"http:\/\/heb03.hoptis.com\/?page_id=293"},"modified":"2024-02-16T10:13:01","modified_gmt":"2024-02-16T09:13:01","slug":"applications-hoptis-software","status":"publish","type":"page","link":"https:\/\/www.hoptis.com\/index.php\/applications-hoptis-software\/","title":{"rendered":"Applications Hoptis Software"},"content":{"rendered":"\n<div class=\"wp-block-uagb-image aligncenter uagb-block-dd654e7a wp-block-uagb-image--layout-default wp-block-uagb-image--effect-static wp-block-uagb-image--align-center\"><figure class=\"wp-block-uagb-image__figure\"><img decoding=\"async\"  sizes=\"auto, (max-width: 480px) 150px\" src=\"https:\/\/www.hoptis.com\/wp-content\/uploads\/2024\/02\/representations-experience-utilisateur-design-interface-1-1024x683.jpg\" alt=\"\" width=\"455\" height=\"302\" title=\"\" loading=\"lazy\"\/><\/figure><\/div>\n\n\n\n<hr class=\"wp-block-separator has-text-color has-transparent-color has-alpha-channel-opacity has-transparent-background-color has-background is-style-default\"\/>\n\n\n\n<div class=\"wp-block-group alignwide has-global-padding is-layout-constrained wp-block-group-is-layout-constrained\">\n<h3 class=\"wp-block-heading alignwide has-text-align-center\"><strong><mark style=\"background-color:rgba(0, 0, 0, 0)\" class=\"has-inline-color has-primary-color\"><a href=\"https:\/\/www.hoptis.com\/index.php\/enfance\/\" data-type=\"page\" data-id=\"302\">Enfance<\/a><\/mark><\/strong><\/h3>\n\n\n\n<p class=\"has-text-align-center\"><mark style=\"background-color:rgba(0, 0, 0, 0)\" class=\"has-inline-color has-neutral-color\">G\u00e9rez votre \u00e9tablissement<\/mark><\/p>\n<\/div>\n\n\n\n<hr class=\"wp-block-separator has-text-color has-transparent-color has-alpha-channel-opacity has-transparent-background-color has-background is-style-default\"\/>\n\n\n\n<div class=\"wp-block-group alignwide has-global-padding is-layout-constrained wp-block-group-is-layout-constrained\">\n<h3 class=\"wp-block-heading alignwide has-text-align-center\"><strong><mark style=\"background-color:rgba(0, 0, 0, 0)\" class=\"has-inline-color has-primary-color\"><a href=\"https:\/\/www.hoptis.com\/index.php\/hoptis-khorum\/\" data-type=\"page\" data-id=\"336\">Khorum<\/a><\/mark><\/strong><\/h3>\n\n\n\n<p class=\"has-text-align-center\"><mark style=\"background-color:rgba(0, 0, 0, 0)\" class=\"has-inline-color has-neutral-color\">Centralisez votre parc<\/mark><\/p>\n<\/div>\n\n\n\n<hr class=\"wp-block-separator has-text-color has-transparent-color has-alpha-channel-opacity has-transparent-background-color has-background is-style-default\"\/>\n\n\n\n<div class=\"wp-block-group alignwide has-global-padding is-layout-constrained wp-block-group-is-layout-constrained\">\n<h3 class=\"wp-block-heading alignwide has-text-align-center\"><strong><mark style=\"background-color:rgba(0, 0, 0, 0)\" class=\"has-inline-color has-primary-color\"><a href=\"https:\/\/www.hoptis.com\/index.php\/hoptis-rhodium\/\" data-type=\"page\" data-id=\"344\">Rhodium<\/a><\/mark><\/strong><\/h3>\n\n\n\n<p class=\"has-text-align-center\"><mark style=\"background-color:rgba(0, 0, 0, 0)\" class=\"has-inline-color has-neutral-color\">G\u00e9rez vos employ\u00e9s<\/mark><\/p>\n<\/div>\n\n\n\n<hr class=\"wp-block-separator has-text-color has-transparent-color has-alpha-channel-opacity has-transparent-background-color has-background is-style-default\"\/>\n\n\n\n<div class=\"wp-block-group alignwide has-global-padding is-layout-constrained wp-block-group-is-layout-constrained\">\n<h3 class=\"wp-block-heading alignwide has-text-align-center\"><strong><mark style=\"background-color:rgba(0, 0, 0, 0)\" class=\"has-inline-color has-primary-color\"><a href=\"https:\/\/www.hoptis.com\/index.php\/hoptis-thrace\/\" data-type=\"page\" data-id=\"346\">Thrace<\/a><\/mark><\/strong><\/h3>\n\n\n\n<p class=\"has-text-align-center\"><mark style=\"background-color:rgba(0, 0, 0, 0)\" class=\"has-inline-color has-neutral-color\">Optimisez vos contrats entreprises<\/mark><\/p>\n<\/div>\n\n\n\n<hr class=\"wp-block-separator has-text-color has-transparent-color has-alpha-channel-opacity has-transparent-background-color has-background is-style-default\"\/>\n\n\n\n<div class=\"wp-block-group alignwide has-global-padding is-layout-constrained wp-block-group-is-layout-constrained\">\n<h3 class=\"wp-block-heading alignwide has-text-align-center\"><strong><mark style=\"background-color:rgba(0, 0, 0, 0)\" class=\"has-inline-color has-primary-color\"><a href=\"https:\/\/www.hoptis.com\/index.php\/hoptis-gescom\/\" data-type=\"page\" data-id=\"348\">Gescom<\/a><\/mark><\/strong><\/h3>\n\n\n\n<p class=\"has-text-align-center\"><mark style=\"background-color:rgba(0, 0, 0, 0)\" class=\"has-inline-color has-neutral-color\">Exportez vos flux en comptabilit\u00e9<\/mark><\/p>\n<\/div>\n\n\n\n<hr class=\"wp-block-separator has-text-color has-transparent-color has-alpha-channel-opacity has-transparent-background-color has-background is-style-default\"\/>\n\n\n\n<div class=\"wp-block-group alignwide has-global-padding is-layout-constrained wp-block-group-is-layout-constrained\">\n<h3 class=\"wp-block-heading alignwide has-text-align-center\"><strong><mark style=\"background-color:rgba(0, 0, 0, 0)\" class=\"has-inline-color has-primary-color\"><a href=\"https:\/\/www.hoptis.com\/index.php\/hoptis-dhedale\/\" data-type=\"page\" data-id=\"350\">API<\/a><\/mark><\/strong><\/h3>\n\n\n\n<p class=\"has-text-align-center\"><mark style=\"background-color:rgba(0, 0, 0, 0)\" class=\"has-inline-color has-neutral-color\">Elargissez vos horizons<\/mark><\/p>\n<\/div>\n\n\n\n<hr class=\"wp-block-separator has-text-color has-transparent-color has-alpha-channel-opacity has-transparent-background-color has-background is-style-default\"\/>\n\n\n\n<div class=\"wp-block-group alignwide has-global-padding is-layout-constrained wp-block-group-is-layout-constrained\">\n<h3 class=\"wp-block-heading alignwide has-text-align-center\"><strong><mark style=\"background-color:rgba(0, 0, 0, 0)\" class=\"has-inline-color has-primary-color\"><a href=\"https:\/\/www.hoptis.com\/index.php\/hoptis-web\/\" data-type=\"page\" data-id=\"352\">Site web<\/a><\/mark><\/strong><\/h3>\n\n\n\n<p class=\"has-text-align-center\"><mark style=\"background-color:rgba(0, 0, 0, 0)\" class=\"has-inline-color has-neutral-color\">Soyez visibles<\/mark><\/p>\n<\/div>\n\n\n\n<div style=\"height:100px\" aria-hidden=\"true\" class=\"wp-block-spacer\"><\/div>\n","protected":false},"excerpt":{"rendered":"<p>Enfance G\u00e9rez votre \u00e9tablissement Khorum Centralisez votre parc Rhodium G\u00e9rez vos employ\u00e9s Thrace Optimisez vos contrats entreprises Gescom Exportez vos flux en comptabilit\u00e9 API Elargissez vos horizons Site web Soyez visibles<\/p>\n","protected":false},"author":1,"featured_media":0,"parent":0,"menu_order":0,"comment_status":"closed","ping_status":"closed","template":"","meta":{"_uag_custom_page_level_css":"","_swt_meta_header_display":false,"_swt_meta_footer_display":false,"_swt_meta_site_title_display":false,"_swt_meta_sticky_header":false,"_swt_meta_transparent_header":false,"footnotes":""},"class_list":["post-293","page","type-page","status-publish","hentry"],"uagb_featured_image_src":{"full":false,"thumbnail":false,"medium":false,"medium_large":false,"large":false,"1536x1536":false,"2048x2048":false},"uagb_author_info":{"display_name":"Edouard","author_link":"https:\/\/www.hoptis.com\/index.php\/author\/hoptis\/"},"uagb_comment_info":0,"uagb_excerpt":"Enfance G\u00e9rez votre \u00e9tablissement Khorum Centralisez votre parc Rhodium G\u00e9rez vos employ\u00e9s Thrace Optimisez vos contrats entreprises Gescom Exportez vos flux en comptabilit\u00e9 API Elargissez vos horizons Site web Soyez visibles","_links":{"self":[{"href":"https:\/\/www.hoptis.com\/index.php\/wp-json\/wp\/v2\/pages\/293","targetHints":{"allow":["GET"]}}],"collection":[{"href":"https:\/\/www.hoptis.com\/index.php\/wp-json\/wp\/v2\/pages"}],"about":[{"href":"https:\/\/www.hoptis.com\/index.php\/wp-json\/wp\/v2\/types\/page"}],"author":[{"embeddable":true,"href":"https:\/\/www.hoptis.com\/index.php\/wp-json\/wp\/v2\/users\/1"}],"replies":[{"embeddable":true,"href":"https:\/\/www.hoptis.com\/index.php\/wp-json\/wp\/v2\/comments?post=293"}],"version-history":[{"count":9,"href":"https:\/\/www.hoptis.com\/index.php\/wp-json\/wp\/v2\/pages\/293\/revisions"}],"predecessor-version":[{"id":415,"href":"https:\/\/www.hoptis.com\/index.php\/wp-json\/wp\/v2\/pages\/293\/revisions\/415"}],"wp:attachment":[{"href":"https:\/\/www.hoptis.com\/index.php\/wp-json\/wp\/v2\/media?parent=293"}],"curies":[{"name":"wp","href":"https:\/\/api.w.org\/{rel}","templated":true}]}}