{"id":3,"date":"2023-04-28T14:11:04","date_gmt":"2023-04-28T12:11:04","guid":{"rendered":"http:\/\/heb03.hoptis.com\/?page_id=3"},"modified":"2024-02-15T11:21:48","modified_gmt":"2024-02-15T10:21:48","slug":"politique-de-confidentialite","status":"publish","type":"page","link":"https:\/\/www.hoptis.com\/index.php\/politique-de-confidentialite\/","title":{"rendered":"Politique de confidentialit\u00e9"},"content":{"rendered":"\n<p>La pr\u00e9sente Politique de Confidentialit\u00e9 d\u00e9crit la mani\u00e8re dont nous recueillons, utilisons et prot\u00e9geons les informations que vous nous fournissez lors de l&rsquo;utilisation de ce site web.<\/p>\n\n\n\n<h2 class=\"wp-block-heading\">Qui sommes-nous&nbsp;?<\/h2>\n\n\n\n<p>L\u2019adresse de notre site est\u00a0: https:\/\/www.hoptis.com<\/p>\n\n\n\n<h2 class=\"wp-block-heading\">Informations Personnelles Collect\u00e9es<\/h2>\n\n\n\n<p>Nous pouvons recueillir des informations personnelles telles que votre nom, votre adresse e-mail et d&rsquo;autres donn\u00e9es que vous choisissez de nous fournir volontairement, par exemple, en remplissant un formulaire de contact.<\/p>\n\n\n\n<h2 class=\"wp-block-heading\">Utilisation des Informations<\/h2>\n\n\n\n<p>Nous utilisons les informations collect\u00e9es pour r\u00e9pondre \u00e0 vos demandes, vous fournir des informations sur nos produits et services, am\u00e9liorer notre site et personnaliser votre exp\u00e9rience utilisateur.<\/p>\n\n\n\n<h2 class=\"wp-block-heading\">Protection des Informations<\/h2>\n\n\n\n<p>Nous mettons en place des mesures de s\u00e9curit\u00e9 pour prot\u00e9ger vos informations personnelles contre tout acc\u00e8s non autoris\u00e9, toute divulgation, alt\u00e9ration ou destruction.<\/p>\n\n\n\n<h2 class=\"wp-block-heading\">Partage d&rsquo;Informations<\/h2>\n\n\n\n<p>Nous ne vendons, n&rsquo;\u00e9changeons ni ne louons vos informations personnelles \u00e0 des tiers. Cependant, nous pouvons partager vos informations avec des fournisseurs de services tiers qui nous aident \u00e0 exploiter notre site ou \u00e0 mener nos activit\u00e9s.<\/p>\n\n\n\n<h2 class=\"wp-block-heading\">Cookies<\/h2>\n\n\n\n<p>Nous utilisons des cookies pour am\u00e9liorer votre exp\u00e9rience de navigation. Vous pouvez configurer votre navigateur pour refuser tous les cookies ou vous avertir lorsqu&rsquo;un cookie est envoy\u00e9. Cependant, certaines fonctionnalit\u00e9s du site peuvent ne pas fonctionner correctement sans l&rsquo;utilisation de cookies.<\/p>\n\n\n\n<h2 class=\"wp-block-heading\">Liens vers des Sites Tiers<\/h2>\n\n\n\n<p>Notre site peut contenir des liens vers des sites tiers. Nous ne sommes pas responsables des pratiques de confidentialit\u00e9 de ces sites et vous les visitez \u00e0 vos propres risques.<\/p>\n\n\n\n<h2 class=\"wp-block-heading\">Modification de la Politique de Confidentialit\u00e9<\/h2>\n\n\n\n<p>Nous nous r\u00e9servons le droit de modifier cette Politique de Confidentialit\u00e9 \u00e0 tout moment. Les modifications seront publi\u00e9es sur cette page.<\/p>\n\n\n\n<h2 class=\"wp-block-heading\">Consentement<\/h2>\n\n\n\n<p>En utilisant ce site, vous consentez \u00e0 notre Politique de Confidentialit\u00e9.<\/p>\n","protected":false},"excerpt":{"rendered":"<p>La pr\u00e9sente Politique de Confidentialit\u00e9 d\u00e9crit la mani\u00e8re dont nous recueillons, utilisons et prot\u00e9geons les informations que vous nous fournissez lors de l&rsquo;utilisation de ce site web. Qui sommes-nous&nbsp;? L\u2019adresse de notre site est\u00a0: https:\/\/www.hoptis.com Informations Personnelles Collect\u00e9es Nous pouvons recueillir des informations personnelles telles que votre nom, votre adresse e-mail et d&rsquo;autres donn\u00e9es que [&hellip;]<\/p>\n","protected":false},"author":1,"featured_media":0,"parent":0,"menu_order":0,"comment_status":"closed","ping_status":"open","template":"","meta":{"_uag_custom_page_level_css":"","_swt_meta_header_display":false,"_swt_meta_footer_display":false,"_swt_meta_site_title_display":false,"_swt_meta_sticky_header":false,"_swt_meta_transparent_header":false,"footnotes":""},"class_list":["post-3","page","type-page","status-publish","hentry"],"uagb_featured_image_src":{"full":false,"thumbnail":false,"medium":false,"medium_large":false,"large":false,"1536x1536":false,"2048x2048":false},"uagb_author_info":{"display_name":"Edouard","author_link":"https:\/\/www.hoptis.com\/index.php\/author\/hoptis\/"},"uagb_comment_info":0,"uagb_excerpt":"La pr\u00e9sente Politique de Confidentialit\u00e9 d\u00e9crit la mani\u00e8re dont nous recueillons, utilisons et prot\u00e9geons les informations que vous nous fournissez lors de l&rsquo;utilisation de ce site web. Qui sommes-nous&nbsp;? L\u2019adresse de notre site est\u00a0: https:\/\/www.hoptis.com Informations Personnelles Collect\u00e9es Nous pouvons recueillir des informations personnelles telles que votre nom, votre adresse e-mail et d&rsquo;autres donn\u00e9es que\u2026","_links":{"self":[{"href":"https:\/\/www.hoptis.com\/index.php\/wp-json\/wp\/v2\/pages\/3","targetHints":{"allow":["GET"]}}],"collection":[{"href":"https:\/\/www.hoptis.com\/index.php\/wp-json\/wp\/v2\/pages"}],"about":[{"href":"https:\/\/www.hoptis.com\/index.php\/wp-json\/wp\/v2\/types\/page"}],"author":[{"embeddable":true,"href":"https:\/\/www.hoptis.com\/index.php\/wp-json\/wp\/v2\/users\/1"}],"replies":[{"embeddable":true,"href":"https:\/\/www.hoptis.com\/index.php\/wp-json\/wp\/v2\/comments?post=3"}],"version-history":[{"count":2,"href":"https:\/\/www.hoptis.com\/index.php\/wp-json\/wp\/v2\/pages\/3\/revisions"}],"predecessor-version":[{"id":271,"href":"https:\/\/www.hoptis.com\/index.php\/wp-json\/wp\/v2\/pages\/3\/revisions\/271"}],"wp:attachment":[{"href":"https:\/\/www.hoptis.com\/index.php\/wp-json\/wp\/v2\/media?parent=3"}],"curies":[{"name":"wp","href":"https:\/\/api.w.org\/{rel}","templated":true}]}}