{"id":346,"date":"2024-02-15T14:57:48","date_gmt":"2024-02-15T13:57:48","guid":{"rendered":"http:\/\/heb03.hoptis.com\/?page_id=346"},"modified":"2024-02-15T14:57:48","modified_gmt":"2024-02-15T13:57:48","slug":"hoptis-thrace","status":"publish","type":"page","link":"https:\/\/www.hoptis.com\/index.php\/hoptis-thrace\/","title":{"rendered":"Hoptis Thrace"},"content":{"rendered":"\n<div class=\"wp-block-group has-global-padding is-layout-constrained wp-block-group-is-layout-constrained\">\n<h4 class=\"wp-block-heading\">Clients<\/h4>\n\n\n\n<ul class=\"wp-block-list\">\n<li>Gestion des fiches clients<\/li>\n\n\n\n<li>Gestion des contacts<\/li>\n\n\n\n<li>Gestion des pr\u00e9l\u00e8vements<\/li>\n\n\n\n<li>Gestion des documents<\/li>\n\n\n\n<li>Gestion des familles de clients et groupes juridiques<\/li>\n\n\n\n<li>Accessible en direct depuis Khorum et Enfance<\/li>\n\n\n\n<li>Connexion avec SalesForce<\/li>\n<\/ul>\n<\/div>\n\n\n\n<div class=\"wp-block-group has-global-padding is-layout-constrained wp-block-group-is-layout-constrained\">\n<h4 class=\"wp-block-heading\">Conventions et contrats<\/h4>\n\n\n\n<ul class=\"wp-block-list\">\n<li>Gestion des contrats \u00e0 l\u2019aide de conventions<\/li>\n\n\n\n<li>Gestion des contrats individuels<\/li>\n\n\n\n<li>Gestion des bon de commande<\/li>\n\n\n\n<li>Gestion des avenants<\/li>\n\n\n\n<li>Revalorisation des contrats automatique<\/li>\n\n\n\n<li>Signature \u00e9lectronique<\/li>\n\n\n\n<li>Droits d\u2019acc\u00e8s<\/li>\n\n\n\n<li>P\u00e9riodicit\u00e9<\/li>\n\n\n\n<li>Conditions de r\u00e8glement<\/li>\n\n\n\n<li>Terme<\/li>\n\n\n\n<li>Ech\u00e9ances personnalisables<\/li>\n\n\n\n<li>Gestion des LEADs<\/li>\n\n\n\n<li>Revente de places<\/li>\n\n\n\n<li>Gestion des documents<\/li>\n\n\n\n<li>Type de prix personnalisable<\/li>\n\n\n\n<li>Num\u00e9ro de contrat personnalisable<\/li>\n\n\n\n<li>R\u00e9daction personnalisable<\/li>\n\n\n\n<li>Gestion des d\u00e9rogations<\/li>\n<\/ul>\n<\/div>\n\n\n\n<div class=\"wp-block-group has-global-padding is-layout-constrained wp-block-group-is-layout-constrained\">\n<h4 class=\"wp-block-heading\">Facturation<\/h4>\n\n\n\n<ul class=\"wp-block-list\">\n<li>Gestion automatique des p\u00e9riodes de facturation<\/li>\n\n\n\n<li>Gestion des factures depuis l\u2019ext\u00e9rieur<\/li>\n\n\n\n<li>R\u00e9daction des factures personnalisables<\/li>\n\n\n\n<li>Produits personnalisables<\/li>\n\n\n\n<li>G\u00e9n\u00e9ration du num\u00e9ro de facture automatique<\/li>\n\n\n\n<li>Edition personnalisable<\/li>\n\n\n\n<li>Envoi par mails en fonction des contacts de gestion<\/li>\n\n\n\n<li>Regroupement de factures pour un m\u00eame client<\/li>\n\n\n\n<li>R\u00e9cup\u00e9ration des informations en direct de \u00ab Enfance \u00bb<\/li>\n\n\n\n<li>Proforma<\/li>\n\n\n\n<li>Correction automatique<\/li>\n<\/ul>\n<\/div>\n\n\n\n<div class=\"wp-block-group has-global-padding is-layout-constrained wp-block-group-is-layout-constrained\">\n<h4 class=\"wp-block-heading\">Encaissements<\/h4>\n\n\n\n<ul class=\"wp-block-list\">\n<li>Tous types de r\u00e8glement<\/li>\n\n\n\n<li>G\u00e9n\u00e9ration automatique des pr\u00e9l\u00e8vements<\/li>\n\n\n\n<li>Export des fichiers de pr\u00e9l\u00e8vement<\/li>\n\n\n\n<li>D\u00e9pose des fichiers de pr\u00e9l\u00e8vement<\/li>\n\n\n\n<li>Lettrages<\/li>\n\n\n\n<li>Acomptes<\/li>\n\n\n\n<li>Gestion des remises<\/li>\n<\/ul>\n<\/div>\n\n\n\n<div class=\"wp-block-group has-global-padding is-layout-constrained wp-block-group-is-layout-constrained\">\n<h4 class=\"wp-block-heading\">Exports<\/h4>\n\n\n\n<ul class=\"wp-block-list\">\n<li>Export comptable sous le format d\u00e9sir\u00e9<\/li>\n\n\n\n<li>Plan comptable personnalisable<\/li>\n\n\n\n<li>Gestion via le Grand Livre<\/li>\n\n\n\n<li>Journal des exports<\/li>\n\n\n\n<li>Date de cl\u00f4ture comptable personnalisable<\/li>\n<\/ul>\n<\/div>\n\n\n\n<div class=\"wp-block-group has-global-padding is-layout-constrained wp-block-group-is-layout-constrained\">\n<h4 class=\"wp-block-heading\">Statistiques<\/h4>\n\n\n\n<ul class=\"wp-block-list\">\n<li>Gestion de ses actions<\/li>\n\n\n\n<li>Tableaux de bord<\/li>\n\n\n\n<li>Encours clients<\/li>\n\n\n\n<li>Inscriptions Enfance par r\u00e9servataire<\/li>\n\n\n\n<li>Portail r\u00e9servataire<\/li>\n<\/ul>\n<\/div>\n","protected":false},"excerpt":{"rendered":"<p>Clients Conventions et contrats Facturation Encaissements Exports Statistiques<\/p>\n","protected":false},"author":1,"featured_media":0,"parent":0,"menu_order":0,"comment_status":"closed","ping_status":"closed","template":"","meta":{"_uag_custom_page_level_css":"","_swt_meta_header_display":false,"_swt_meta_footer_display":false,"_swt_meta_site_title_display":false,"_swt_meta_sticky_header":false,"_swt_meta_transparent_header":false,"footnotes":""},"class_list":["post-346","page","type-page","status-publish","hentry"],"uagb_featured_image_src":{"full":false,"thumbnail":false,"medium":false,"medium_large":false,"large":false,"1536x1536":false,"2048x2048":false},"uagb_author_info":{"display_name":"Edouard","author_link":"https:\/\/www.hoptis.com\/index.php\/author\/hoptis\/"},"uagb_comment_info":0,"uagb_excerpt":"Clients Conventions et contrats Facturation Encaissements Exports Statistiques","_links":{"self":[{"href":"https:\/\/www.hoptis.com\/index.php\/wp-json\/wp\/v2\/pages\/346","targetHints":{"allow":["GET"]}}],"collection":[{"href":"https:\/\/www.hoptis.com\/index.php\/wp-json\/wp\/v2\/pages"}],"about":[{"href":"https:\/\/www.hoptis.com\/index.php\/wp-json\/wp\/v2\/types\/page"}],"author":[{"embeddable":true,"href":"https:\/\/www.hoptis.com\/index.php\/wp-json\/wp\/v2\/users\/1"}],"replies":[{"embeddable":true,"href":"https:\/\/www.hoptis.com\/index.php\/wp-json\/wp\/v2\/comments?post=346"}],"version-history":[{"count":1,"href":"https:\/\/www.hoptis.com\/index.php\/wp-json\/wp\/v2\/pages\/346\/revisions"}],"predecessor-version":[{"id":347,"href":"https:\/\/www.hoptis.com\/index.php\/wp-json\/wp\/v2\/pages\/346\/revisions\/347"}],"wp:attachment":[{"href":"https:\/\/www.hoptis.com\/index.php\/wp-json\/wp\/v2\/media?parent=346"}],"curies":[{"name":"wp","href":"https:\/\/api.w.org\/{rel}","templated":true}]}}