{"id":350,"date":"2024-02-15T15:00:06","date_gmt":"2024-02-15T14:00:06","guid":{"rendered":"http:\/\/heb03.hoptis.com\/?page_id=350"},"modified":"2024-02-15T15:00:06","modified_gmt":"2024-02-15T14:00:06","slug":"hoptis-dhedale","status":"publish","type":"page","link":"https:\/\/www.hoptis.com\/index.php\/hoptis-dhedale\/","title":{"rendered":"Hoptis Dhedale"},"content":{"rendered":"\n<p>Manipulez vos donn\u00e9es avec notre API d\u00e9di\u00e9e<\/p>\n\n\n\n<ul class=\"wp-block-list\">\n<li>Base de notre fonctionnement en trois tiers<\/li>\n\n\n\n<li>Authentification d\u00e9port\u00e9e et s\u00e9curis\u00e9e<\/li>\n\n\n\n<li>Possibilit\u00e9 pour nos clients de se baser sur ce composant pour leur applications externes<\/li>\n\n\n\n<li>Compatibilit\u00e9 avec Power BI<\/li>\n<\/ul>\n","protected":false},"excerpt":{"rendered":"<p>Manipulez vos donn\u00e9es avec notre API d\u00e9di\u00e9e<\/p>\n","protected":false},"author":1,"featured_media":0,"parent":0,"menu_order":0,"comment_status":"closed","ping_status":"closed","template":"","meta":{"_uag_custom_page_level_css":"","_swt_meta_header_display":false,"_swt_meta_footer_display":false,"_swt_meta_site_title_display":false,"_swt_meta_sticky_header":false,"_swt_meta_transparent_header":false,"footnotes":""},"class_list":["post-350","page","type-page","status-publish","hentry"],"uagb_featured_image_src":{"full":false,"thumbnail":false,"medium":false,"medium_large":false,"large":false,"1536x1536":false,"2048x2048":false},"uagb_author_info":{"display_name":"Edouard","author_link":"https:\/\/www.hoptis.com\/index.php\/author\/hoptis\/"},"uagb_comment_info":0,"uagb_excerpt":"Manipulez vos donn\u00e9es avec notre API d\u00e9di\u00e9e","_links":{"self":[{"href":"https:\/\/www.hoptis.com\/index.php\/wp-json\/wp\/v2\/pages\/350","targetHints":{"allow":["GET"]}}],"collection":[{"href":"https:\/\/www.hoptis.com\/index.php\/wp-json\/wp\/v2\/pages"}],"about":[{"href":"https:\/\/www.hoptis.com\/index.php\/wp-json\/wp\/v2\/types\/page"}],"author":[{"embeddable":true,"href":"https:\/\/www.hoptis.com\/index.php\/wp-json\/wp\/v2\/users\/1"}],"replies":[{"embeddable":true,"href":"https:\/\/www.hoptis.com\/index.php\/wp-json\/wp\/v2\/comments?post=350"}],"version-history":[{"count":1,"href":"https:\/\/www.hoptis.com\/index.php\/wp-json\/wp\/v2\/pages\/350\/revisions"}],"predecessor-version":[{"id":351,"href":"https:\/\/www.hoptis.com\/index.php\/wp-json\/wp\/v2\/pages\/350\/revisions\/351"}],"wp:attachment":[{"href":"https:\/\/www.hoptis.com\/index.php\/wp-json\/wp\/v2\/media?parent=350"}],"curies":[{"name":"wp","href":"https:\/\/api.w.org\/{rel}","templated":true}]}}