{"id":479,"date":"2024-03-25T15:29:25","date_gmt":"2024-03-25T14:29:25","guid":{"rendered":"https:\/\/www.hoptis.com\/?page_id=479"},"modified":"2024-03-25T15:29:25","modified_gmt":"2024-03-25T14:29:25","slug":"hoptis-portail","status":"publish","type":"page","link":"https:\/\/www.hoptis.com\/index.php\/hoptis-portail\/","title":{"rendered":"Hoptis Portail"},"content":{"rendered":"\n<p>Portail famille et salari\u00e9.<\/p>\n\n\n\n<div class=\"wp-block-group has-global-padding is-layout-constrained wp-block-group-is-layout-constrained\">\n<h4 class=\"wp-block-heading\">Famille<\/h4>\n\n\n\n<ul class=\"wp-block-list\">\n<li>Portail web compatible mobile et tablettes afin d&rsquo;acc\u00e9der \u00e0 un espace d\u00e9di\u00e9<\/li>\n\n\n\n<li>Gestion de son dossier administratif<\/li>\n\n\n\n<li>Gestion de ses documents<\/li>\n\n\n\n<li>Gestion de ses demandes de pr\u00e9inscription<\/li>\n\n\n\n<li>R\u00e9servation de places<\/li>\n\n\n\n<li>Accueil exceptionnel<\/li>\n\n\n\n<li>T\u00e9l\u00e9chargement de ses contrats<\/li>\n\n\n\n<li>T\u00e9l\u00e9chargement de ses factures<\/li>\n\n\n\n<li>Listing d&rsquo;assistantes maternelles<\/li>\n\n\n\n<li>Questionnaires<\/li>\n\n\n\n<li>Lecture et gestion des documents post\u00e9s par les familles directement depuis notre application<\/li>\n\n\n\n<li>D\u00e9mat\u00e9rialisation du dossier d&rsquo;inscription<\/li>\n\n\n\n<li>Gestion des actualit\u00e9s de sa cr\u00e8che<\/li>\n\n\n\n<li>Campagnes<\/li>\n<\/ul>\n<\/div>\n\n\n\n<div class=\"wp-block-group has-global-padding is-layout-constrained wp-block-group-is-layout-constrained\">\n<h4 class=\"wp-block-heading\">Salari\u00e9s<\/h4>\n<\/div>\n\n\n\n<ul class=\"wp-block-list\">\n<li>Envoi de ses documents directement \u00e0 Rhodium<\/li>\n\n\n\n<li>Visualisation de leur acceptation ou refus<\/li>\n<\/ul>\n","protected":false},"excerpt":{"rendered":"<p>Portail famille et salari\u00e9. Famille Salari\u00e9s<\/p>\n","protected":false},"author":1,"featured_media":0,"parent":0,"menu_order":0,"comment_status":"closed","ping_status":"closed","template":"","meta":{"_uag_custom_page_level_css":"","_swt_meta_header_display":false,"_swt_meta_footer_display":false,"_swt_meta_site_title_display":false,"_swt_meta_sticky_header":false,"_swt_meta_transparent_header":false,"footnotes":""},"class_list":["post-479","page","type-page","status-publish","hentry"],"uagb_featured_image_src":{"full":false,"thumbnail":false,"medium":false,"medium_large":false,"large":false,"1536x1536":false,"2048x2048":false},"uagb_author_info":{"display_name":"Edouard","author_link":"https:\/\/www.hoptis.com\/index.php\/author\/hoptis\/"},"uagb_comment_info":0,"uagb_excerpt":"Portail famille et salari\u00e9. Famille Salari\u00e9s","_links":{"self":[{"href":"https:\/\/www.hoptis.com\/index.php\/wp-json\/wp\/v2\/pages\/479","targetHints":{"allow":["GET"]}}],"collection":[{"href":"https:\/\/www.hoptis.com\/index.php\/wp-json\/wp\/v2\/pages"}],"about":[{"href":"https:\/\/www.hoptis.com\/index.php\/wp-json\/wp\/v2\/types\/page"}],"author":[{"embeddable":true,"href":"https:\/\/www.hoptis.com\/index.php\/wp-json\/wp\/v2\/users\/1"}],"replies":[{"embeddable":true,"href":"https:\/\/www.hoptis.com\/index.php\/wp-json\/wp\/v2\/comments?post=479"}],"version-history":[{"count":3,"href":"https:\/\/www.hoptis.com\/index.php\/wp-json\/wp\/v2\/pages\/479\/revisions"}],"predecessor-version":[{"id":482,"href":"https:\/\/www.hoptis.com\/index.php\/wp-json\/wp\/v2\/pages\/479\/revisions\/482"}],"wp:attachment":[{"href":"https:\/\/www.hoptis.com\/index.php\/wp-json\/wp\/v2\/media?parent=479"}],"curies":[{"name":"wp","href":"https:\/\/api.w.org\/{rel}","templated":true}]}}